{"id":8542,"date":"2025-03-20T07:36:40","date_gmt":"2025-03-20T06:36:40","guid":{"rendered":"https:\/\/rem-travel.com\/?page_id=8542"},"modified":"2025-05-21T09:57:01","modified_gmt":"2025-05-21T08:57:01","slug":"politika-zasebnosti","status":"publish","type":"page","link":"https:\/\/rem-travel.com\/sl\/politika-zasebnosti\/","title":{"rendered":"Politika zasebnosti"},"content":{"rendered":"\t\t<div data-elementor-type=\"wp-page\" data-elementor-id=\"8542\" class=\"elementor elementor-8542 elementor-3\">\n\t\t\t\t<div class=\"elementor-element elementor-element-348b5f63 e-flex e-con-boxed e-con e-parent\" data-id=\"348b5f63\" data-element_type=\"container\">\n\t\t\t\t\t<div class=\"e-con-inner\">\n\t\t\t\t<div class=\"elementor-element elementor-element-65c8e09 elementor-widget elementor-widget-iheading\" data-id=\"65c8e09\" data-element_type=\"widget\" data-widget_type=\"iheading.default\">\n\t\t\t\t<div class=\"elementor-widget-container\">\n\t\t\t\t\t\t\t<div class=\"ot-heading is-dots\">\r\n\t        <span>[ Politika zasebnosti ]<\/span>\t        <h2 class=\"main-heading\">Pogoji za uporabo spletne strani<\/h2>\t    <\/div>\r\n\t    \t\t\t\t<\/div>\n\t\t\t\t<\/div>\n\t\t\t\t<div class=\"elementor-element elementor-element-4ce33a1f elementor-widget elementor-widget-text-editor\" data-id=\"4ce33a1f\" data-element_type=\"widget\" data-widget_type=\"text-editor.default\">\n\t\t\t\t<div class=\"elementor-widget-container\">\n\t\t\t\t\t\t\t\t\t<p>Va\u0161 dostop do spletne strani in njene uporabe urejajo ta splo\u0161na pravila kot tudi nekateri zakoni. Prosimo, da splo\u0161ne pogoje pazljivo preberete. Z vstopom na stran <a href=\"http:\/\/www.rem-travel.com\">www.rem-travel.com,<\/a> <a href=\"http:\/\/www.rem-sport.com\" target=\"_blank\" rel=\"noopener\">www.rem-sport.com<\/a> <a href=\"http:\/\/www.rem-corporate.com\" target=\"_blank\" rel=\"noopener\">www.rem-corporate.com<\/a>, da ste s temi splo\u0161nimi pogoji seznanjeni, da z njimi sogla\u0161ate ter da vas dolo\u010dbe teh splo\u0161nih pogojev zavezujejo.<\/p>\t\t\t\t\t\t\t\t<\/div>\n\t\t\t\t<\/div>\n\t\t\t\t<div class=\"elementor-element elementor-element-8dcf9ab elementor-widget elementor-widget-n-accordion\" data-id=\"8dcf9ab\" data-element_type=\"widget\" data-settings=\"{&quot;default_state&quot;:&quot;expanded&quot;,&quot;max_items_expended&quot;:&quot;one&quot;,&quot;n_accordion_animation_duration&quot;:{&quot;unit&quot;:&quot;ms&quot;,&quot;size&quot;:400,&quot;sizes&quot;:[]}}\" data-widget_type=\"nested-accordion.default\">\n\t\t\t\t<div class=\"elementor-widget-container\">\n\t\t\t\t\t\t\t<div class=\"e-n-accordion\" aria-label=\"Accordion. Open links with Enter or Space, close with Escape, and navigate with Arrow Keys\">\n\t\t\t\t\t\t<details id=\"e-n-accordion-item-1480\" class=\"e-n-accordion-item\" open>\n\t\t\t\t<summary class=\"e-n-accordion-item-title\" data-accordion-index=\"1\" tabindex=\"0\" aria-expanded=\"true\" aria-controls=\"e-n-accordion-item-1480\" >\n\t\t\t\t\t<span class='e-n-accordion-item-title-header'><div class=\"e-n-accordion-item-title-text\"> Spreminjanje pogojev uporabe <\/div><\/span>\n\t\t\t\t\t\t\t<span class='e-n-accordion-item-title-icon'>\n\t\t\t<span class='e-opened' ><svg aria-hidden=\"true\" class=\"e-font-icon-svg e-fas-minus\" viewBox=\"0 0 448 512\" xmlns=\"http:\/\/www.w3.org\/2000\/svg\"><path d=\"M416 208H32c-17.67 0-32 14.33-32 32v32c0 17.67 14.33 32 32 32h384c17.67 0 32-14.33 32-32v-32c0-17.67-14.33-32-32-32z\"><\/path><\/svg><\/span>\n\t\t\t<span class='e-closed'><svg aria-hidden=\"true\" class=\"e-font-icon-svg e-fas-plus\" viewBox=\"0 0 448 512\" xmlns=\"http:\/\/www.w3.org\/2000\/svg\"><path d=\"M416 208H272V64c0-17.67-14.33-32-32-32h-32c-17.67 0-32 14.33-32 32v144H32c-17.67 0-32 14.33-32 32v32c0 17.67 14.33 32 32 32h144v144c0 17.67 14.33 32 32 32h32c17.67 0 32-14.33 32-32V304h144c17.67 0 32-14.33 32-32v-32c0-17.67-14.33-32-32-32z\"><\/path><\/svg><\/span>\n\t\t<\/span>\n\n\t\t\t\t\t\t<\/summary>\n\t\t\t\t<div role=\"region\" aria-labelledby=\"e-n-accordion-item-1480\" class=\"elementor-element elementor-element-0ca9d46 e-con-full e-flex e-con e-child\" data-id=\"0ca9d46\" data-element_type=\"container\">\n\t\t\t\t<div class=\"elementor-element elementor-element-5cca621 elementor-widget elementor-widget-text-editor\" data-id=\"5cca621\" data-element_type=\"widget\" data-widget_type=\"text-editor.default\">\n\t\t\t\t<div class=\"elementor-widget-container\">\n\t\t\t\t\t\t\t\t\t<p>REM Travel d.o.o si pridr\u017euje pravico do spreminjanja ali posodabljanja teh pogojev, dolo\u010dil in opomb, pod katerimi se omogo\u010da uporabo strani. To so lahko spremembe v servisih, storitvah, zakonih, ki vplivajo na storitve, ali pa iz katerih koli drugih razlogov. Ob vsaki posodobitvi pogojev uporabe, bo spremenjen datum na dnu teh pogojev.<\/p>\t\t\t\t\t\t\t\t<\/div>\n\t\t\t\t<\/div>\n\t\t\t\t<\/div>\n\t\t\t\t\t<\/details>\n\t\t\t\t\t\t<details id=\"e-n-accordion-item-1481\" class=\"e-n-accordion-item\" >\n\t\t\t\t<summary class=\"e-n-accordion-item-title\" data-accordion-index=\"2\" tabindex=\"-1\" aria-expanded=\"false\" aria-controls=\"e-n-accordion-item-1481\" >\n\t\t\t\t\t<span class='e-n-accordion-item-title-header'><div class=\"e-n-accordion-item-title-text\"> Omejitev osebne in nekomercialne uporabe <\/div><\/span>\n\t\t\t\t\t\t\t<span class='e-n-accordion-item-title-icon'>\n\t\t\t<span class='e-opened' ><svg aria-hidden=\"true\" class=\"e-font-icon-svg e-fas-minus\" viewBox=\"0 0 448 512\" xmlns=\"http:\/\/www.w3.org\/2000\/svg\"><path d=\"M416 208H32c-17.67 0-32 14.33-32 32v32c0 17.67 14.33 32 32 32h384c17.67 0 32-14.33 32-32v-32c0-17.67-14.33-32-32-32z\"><\/path><\/svg><\/span>\n\t\t\t<span class='e-closed'><svg aria-hidden=\"true\" class=\"e-font-icon-svg e-fas-plus\" viewBox=\"0 0 448 512\" xmlns=\"http:\/\/www.w3.org\/2000\/svg\"><path d=\"M416 208H272V64c0-17.67-14.33-32-32-32h-32c-17.67 0-32 14.33-32 32v144H32c-17.67 0-32 14.33-32 32v32c0 17.67 14.33 32 32 32h144v144c0 17.67 14.33 32 32 32h32c17.67 0 32-14.33 32-32V304h144c17.67 0 32-14.33 32-32v-32c0-17.67-14.33-32-32-32z\"><\/path><\/svg><\/span>\n\t\t<\/span>\n\n\t\t\t\t\t\t<\/summary>\n\t\t\t\t<div role=\"region\" aria-labelledby=\"e-n-accordion-item-1481\" class=\"elementor-element elementor-element-d06eeca e-con-full e-flex e-con e-child\" data-id=\"d06eeca\" data-element_type=\"container\">\n\t\t\t\t<div class=\"elementor-element elementor-element-95e17f9 elementor-widget elementor-widget-text-editor\" data-id=\"95e17f9\" data-element_type=\"widget\" data-widget_type=\"text-editor.default\">\n\t\t\t\t<div class=\"elementor-widget-container\">\n\t\t\t\t\t\t\t\t\t<p>Stran smete uporabljati le za osebne in nekomercialne namene. Prepovedano je spreminjanje, kopiranje, distribucija, oddajanje, prikazovanje, izvajanje, razmno\u017eevanje, objavljanje, licenciranje, ustvarjanje izpeljank, prena\u0161anje ali prodajanje katerih koli podatkov, programske opreme, izdelkov ali storitev, ki so del strani rem-sport.com razen v primeru izrecne navedbe v teh pogojih uporabe.<\/p>\t\t\t\t\t\t\t\t<\/div>\n\t\t\t\t<\/div>\n\t\t\t\t<\/div>\n\t\t\t\t\t<\/details>\n\t\t\t\t\t\t<details id=\"e-n-accordion-item-1482\" class=\"e-n-accordion-item\" >\n\t\t\t\t<summary class=\"e-n-accordion-item-title\" data-accordion-index=\"3\" tabindex=\"-1\" aria-expanded=\"false\" aria-controls=\"e-n-accordion-item-1482\" >\n\t\t\t\t\t<span class='e-n-accordion-item-title-header'><div class=\"e-n-accordion-item-title-text\"> Zasebnost in osebni podatki <\/div><\/span>\n\t\t\t\t\t\t\t<span class='e-n-accordion-item-title-icon'>\n\t\t\t<span class='e-opened' ><svg aria-hidden=\"true\" class=\"e-font-icon-svg e-fas-minus\" viewBox=\"0 0 448 512\" xmlns=\"http:\/\/www.w3.org\/2000\/svg\"><path d=\"M416 208H32c-17.67 0-32 14.33-32 32v32c0 17.67 14.33 32 32 32h384c17.67 0 32-14.33 32-32v-32c0-17.67-14.33-32-32-32z\"><\/path><\/svg><\/span>\n\t\t\t<span class='e-closed'><svg aria-hidden=\"true\" class=\"e-font-icon-svg e-fas-plus\" viewBox=\"0 0 448 512\" xmlns=\"http:\/\/www.w3.org\/2000\/svg\"><path d=\"M416 208H272V64c0-17.67-14.33-32-32-32h-32c-17.67 0-32 14.33-32 32v144H32c-17.67 0-32 14.33-32 32v32c0 17.67 14.33 32 32 32h144v144c0 17.67 14.33 32 32 32h32c17.67 0 32-14.33 32-32V304h144c17.67 0 32-14.33 32-32v-32c0-17.67-14.33-32-32-32z\"><\/path><\/svg><\/span>\n\t\t<\/span>\n\n\t\t\t\t\t\t<\/summary>\n\t\t\t\t<div role=\"region\" aria-labelledby=\"e-n-accordion-item-1482\" class=\"elementor-element elementor-element-fefa444 e-con-full e-flex e-con e-child\" data-id=\"fefa444\" data-element_type=\"container\">\n\t\t\t\t<div class=\"elementor-element elementor-element-eb1c347 elementor-widget elementor-widget-text-editor\" data-id=\"eb1c347\" data-element_type=\"widget\" data-widget_type=\"text-editor.default\">\n\t\t\t\t<div class=\"elementor-widget-container\">\n\t\t\t\t\t\t\t\t\t<p>Za uporabo dolo\u010denih storitev na strani morate opraviti vpis, pri katerem boste morali posredovati vse zahtevane podatke za uporabni\u0161ki ra\u010dun in pri tem po svojih zmo\u017enostih skrbeti, da bodo v \u010dasu trajanja uporabe teh storitev pravilni in a\u017eurni. REM Travel d.o.o se obvezuje, da bo va\u0161e osebne podatke uporabljala v skladu z veljavno zakonodajo kot tudi v skladu z izjavo o varovanju zasebnosti.<\/p><p>Odgovorni ste za vse aktivnosti, opravljene z uporabo va\u0161ega uporabni\u0161kega ra\u010duna, zato je priporo\u010dljivo, da na javnih ra\u010dunalnikih ne shranjujete svojega uporabni\u0161kega imena\/gesla. Ob vsakr\u0161ni nepoobla\u0161\u010deni uporabi ali utemeljenem sumu, da je do tovrstnega dostopa pri\u0161lo, morate o tem nemudoma obvestiti administratorja strani. REM Travel d.o.o ni odgovorna za kakr\u0161no koli izgubo ali \u0161kodo, do katere lahko pride zaradi nepoobla\u0161\u010dene uporabe va\u0161ega ra\u010duna ali gesla.<\/p>\t\t\t\t\t\t\t\t<\/div>\n\t\t\t\t<\/div>\n\t\t\t\t<\/div>\n\t\t\t\t\t<\/details>\n\t\t\t\t\t\t<details id=\"e-n-accordion-item-1483\" class=\"e-n-accordion-item\" >\n\t\t\t\t<summary class=\"e-n-accordion-item-title\" data-accordion-index=\"4\" tabindex=\"-1\" aria-expanded=\"false\" aria-controls=\"e-n-accordion-item-1483\" >\n\t\t\t\t\t<span class='e-n-accordion-item-title-header'><div class=\"e-n-accordion-item-title-text\"> Nezakonita ali prepovedana uporaba <\/div><\/span>\n\t\t\t\t\t\t\t<span class='e-n-accordion-item-title-icon'>\n\t\t\t<span class='e-opened' ><svg aria-hidden=\"true\" class=\"e-font-icon-svg e-fas-minus\" viewBox=\"0 0 448 512\" xmlns=\"http:\/\/www.w3.org\/2000\/svg\"><path d=\"M416 208H32c-17.67 0-32 14.33-32 32v32c0 17.67 14.33 32 32 32h384c17.67 0 32-14.33 32-32v-32c0-17.67-14.33-32-32-32z\"><\/path><\/svg><\/span>\n\t\t\t<span class='e-closed'><svg aria-hidden=\"true\" class=\"e-font-icon-svg e-fas-plus\" viewBox=\"0 0 448 512\" xmlns=\"http:\/\/www.w3.org\/2000\/svg\"><path d=\"M416 208H272V64c0-17.67-14.33-32-32-32h-32c-17.67 0-32 14.33-32 32v144H32c-17.67 0-32 14.33-32 32v32c0 17.67 14.33 32 32 32h144v144c0 17.67 14.33 32 32 32h32c17.67 0 32-14.33 32-32V304h144c17.67 0 32-14.33 32-32v-32c0-17.67-14.33-32-32-32z\"><\/path><\/svg><\/span>\n\t\t<\/span>\n\n\t\t\t\t\t\t<\/summary>\n\t\t\t\t<div role=\"region\" aria-labelledby=\"e-n-accordion-item-1483\" class=\"elementor-element elementor-element-bcdf988 e-flex e-con-boxed e-con e-child\" data-id=\"bcdf988\" data-element_type=\"container\">\n\t\t\t\t\t<div class=\"e-con-inner\">\n\t\t\t\t<div class=\"elementor-element elementor-element-5787506 elementor-widget elementor-widget-text-editor\" data-id=\"5787506\" data-element_type=\"widget\" data-widget_type=\"text-editor.default\">\n\t\t\t\t<div class=\"elementor-widget-container\">\n\t\t\t\t\t\t\t\t\t<p>Kot uporabnik strani se obvezujete, da le-tega ne boste uporabljali za nezakonite ali pogojem uporabe nasprotujo\u010de namene. Strani ni dovoljeno uporabljati na na\u010din, ki bi lahko po\u0161kodoval, onemogo\u010dil, preobremenil ali \u0161kodil strani ali REM agenciji d.o.o. Ravno tako ni dovoljeno onemogo\u010deanje ali oviranje uporabe drugim uporabnikom strani. Prepovedano je pridobivanje nepoobla\u0161\u010denega dostopa do katere koli storitve REM Travel d.o.o, ra\u010dunalni\u0161kega sistema, z njim povezanega omre\u017eja ali podatkov o njegovem katerem koli drugem uporabniku. Prepovedano je pridobivanje kakr\u0161nega koli gradiva ali informacij s pomo\u010djo sredstev, ki niso namenoma na voljo v sklopu strani ali izrecno dovoljena za dostop v izjavi o varovanju zasebnosti. \u010ce je bil dostop do teh podatkov omogo\u010den zaradi napake znotraj storitev portala, prijavo o tej napaki naslovite na: <a href=\"mailto:info@rem-sport.com\">info@rem-sport.com<\/a><\/p>\t\t\t\t\t\t\t\t<\/div>\n\t\t\t\t<\/div>\n\t\t\t\t\t<\/div>\n\t\t\t\t<\/div>\n\t\t\t\t\t<\/details>\n\t\t\t\t\t\t<details id=\"e-n-accordion-item-1484\" class=\"e-n-accordion-item\" >\n\t\t\t\t<summary class=\"e-n-accordion-item-title\" data-accordion-index=\"5\" tabindex=\"-1\" aria-expanded=\"false\" aria-controls=\"e-n-accordion-item-1484\" >\n\t\t\t\t\t<span class='e-n-accordion-item-title-header'><div class=\"e-n-accordion-item-title-text\"> Omejitev odgovornosti <\/div><\/span>\n\t\t\t\t\t\t\t<span class='e-n-accordion-item-title-icon'>\n\t\t\t<span class='e-opened' ><svg aria-hidden=\"true\" class=\"e-font-icon-svg e-fas-minus\" viewBox=\"0 0 448 512\" xmlns=\"http:\/\/www.w3.org\/2000\/svg\"><path d=\"M416 208H32c-17.67 0-32 14.33-32 32v32c0 17.67 14.33 32 32 32h384c17.67 0 32-14.33 32-32v-32c0-17.67-14.33-32-32-32z\"><\/path><\/svg><\/span>\n\t\t\t<span class='e-closed'><svg aria-hidden=\"true\" class=\"e-font-icon-svg e-fas-plus\" viewBox=\"0 0 448 512\" xmlns=\"http:\/\/www.w3.org\/2000\/svg\"><path d=\"M416 208H272V64c0-17.67-14.33-32-32-32h-32c-17.67 0-32 14.33-32 32v144H32c-17.67 0-32 14.33-32 32v32c0 17.67 14.33 32 32 32h144v144c0 17.67 14.33 32 32 32h32c17.67 0 32-14.33 32-32V304h144c17.67 0 32-14.33 32-32v-32c0-17.67-14.33-32-32-32z\"><\/path><\/svg><\/span>\n\t\t<\/span>\n\n\t\t\t\t\t\t<\/summary>\n\t\t\t\t<div role=\"region\" aria-labelledby=\"e-n-accordion-item-1484\" class=\"elementor-element elementor-element-cec91e9 e-flex e-con-boxed e-con e-child\" data-id=\"cec91e9\" data-element_type=\"container\">\n\t\t\t\t\t<div class=\"e-con-inner\">\n\t\t\t\t<div class=\"elementor-element elementor-element-f24c11f elementor-widget elementor-widget-text-editor\" data-id=\"f24c11f\" data-element_type=\"widget\" data-widget_type=\"text-editor.default\">\n\t\t\t\t<div class=\"elementor-widget-container\">\n\t\t\t\t\t\t\t\t\t<p>REM Travel d.o.o ali\/in njeni dobavitelji ne dajejo nobenih izjav o ustreznosti, zanesljivosti, razpolo\u017eljivosti, pravo\u010dasnosti in to\u010dnosti informacij, programske opreme, izdelkov, storitev in pripadajo\u010dih grafik, ki so dostopni prek stani <a href=\"http:\/\/www.rem-travel.com\">www.rem-travel.com<\/a>, <a href=\"http:\/\/www.rem-sport.com\" target=\"_blank\" rel=\"noopener\">www.rem-sport.com<\/a> <a href=\"http:\/\/www.rem-corporate.com\" target=\"_blank\" rel=\"noopener\">www.rem-corporate.com<\/a>. Vse informacije, programska oprema, izdelki, storitve in pripadajo\u010de grafike so na voljo \u201dtake, kot so\u201d brez kakr\u0161ne koli garancije. REM Travel d.o.o ter njeni dobavitelji zavra\u010dajo vsa jamstva ali pogoje v zvezi s temi informacijami, programsko opremo, izdelki, storitvami in pripadajo\u010dimi grafikami, vklju\u010dno z vsemi nazna\u010denimi prodajnimi jamstvi in pogoji, z ustreznostjo za dolo\u010den namen in z nazivom.<\/p><p>REM Travel d.o.o ter njeni dobavitelji v nobenem primeru ne prevzemajo odgovornosti za kakr\u0161no koli neposredno, posredno, posledi\u010dno ali kakr\u0161no koli drugo \u0161kodo, vklju\u010dno s \u0161kodo zaradi izgube uporabnosti, podatkov ali dobi\u010dka, ki izhaja ali je v kakr\u0161ni koli povezavi z uporabo ali delovanjem strani\u00a0<a href=\"http:\/\/www.rem-travel.com\">www.rem-travel.com<\/a>, <a href=\"http:\/\/www.rem-sport.com\" target=\"_blank\" rel=\"noopener\">www.rem-sport.com<\/a> <a href=\"http:\/\/www.rem-corporate.com\" target=\"_blank\" rel=\"noopener\">www.rem-corporate.com<\/a>, z zamudo ali nezmo\u017enostjo uporabe portala, s preskrbo ali nezmo\u017enostjo omogo\u010danja storitev ali s katerimi koli informacijami, programsko opremo, izdelki in storitvami, pridobljenimi na strani <a href=\"http:\/\/www.rem-travel.com\">www.rem-travel.com<\/a>, <a href=\"http:\/\/www.rem-sport.com\" target=\"_blank\" rel=\"noopener\">www.rem-sport.com<\/a> <a href=\"http:\/\/www.rem-corporate.com\" target=\"_blank\" rel=\"noopener\">www.rem-corporate.com<\/a>\u00a0ali kako druga\u010de nastalimi z uporabo portala, bodisi temelje\u010d na sporazumu, prekr\u0161ku, nepazljivosti bodisi druga\u010de, tudi \u010de je bila REM Travel d.o.o ali kateri koli od njenih dobaviteljev seznanjen z mo\u017enostjo nastanka \u0161kode. \u010ce zakonodaja za posamezne pravice ureja druga\u010de in njihovo omejevanje ni mo\u017eno, je mogo\u010de, da za vas ne veljajo vse zgornje omejitve. \u010ce ste s katerim koli delom stani <a href=\"http:\/\/www.rem-travel.com\">www.rem-travel.com<\/a>, <a href=\"http:\/\/www.rem-sport.com\" target=\"_blank\" rel=\"noopener\">www.rem-sport.com<\/a> <a href=\"http:\/\/www.rem-corporate.com\" target=\"_blank\" rel=\"noopener\">www.rem-corporate.com<\/a>\u00a0, storitev strani ali s katerimi koli pogoji uporabe nezadovoljni, je va\u0161e izklju\u010dno in edino sredstvo, da strani ne uporabljate ve\u010d.<\/p>\t\t\t\t\t\t\t\t<\/div>\n\t\t\t\t<\/div>\n\t\t\t\t\t<\/div>\n\t\t\t\t<\/div>\n\t\t\t\t\t<\/details>\n\t\t\t\t\t\t<details id=\"e-n-accordion-item-1485\" class=\"e-n-accordion-item\" >\n\t\t\t\t<summary class=\"e-n-accordion-item-title\" data-accordion-index=\"6\" tabindex=\"-1\" aria-expanded=\"false\" aria-controls=\"e-n-accordion-item-1485\" >\n\t\t\t\t\t<span class='e-n-accordion-item-title-header'><div class=\"e-n-accordion-item-title-text\"> Opombe o intelektualni lastnini <\/div><\/span>\n\t\t\t\t\t\t\t<span class='e-n-accordion-item-title-icon'>\n\t\t\t<span class='e-opened' ><svg aria-hidden=\"true\" class=\"e-font-icon-svg e-fas-minus\" viewBox=\"0 0 448 512\" xmlns=\"http:\/\/www.w3.org\/2000\/svg\"><path d=\"M416 208H32c-17.67 0-32 14.33-32 32v32c0 17.67 14.33 32 32 32h384c17.67 0 32-14.33 32-32v-32c0-17.67-14.33-32-32-32z\"><\/path><\/svg><\/span>\n\t\t\t<span class='e-closed'><svg aria-hidden=\"true\" class=\"e-font-icon-svg e-fas-plus\" viewBox=\"0 0 448 512\" xmlns=\"http:\/\/www.w3.org\/2000\/svg\"><path d=\"M416 208H272V64c0-17.67-14.33-32-32-32h-32c-17.67 0-32 14.33-32 32v144H32c-17.67 0-32 14.33-32 32v32c0 17.67 14.33 32 32 32h144v144c0 17.67 14.33 32 32 32h32c17.67 0 32-14.33 32-32V304h144c17.67 0 32-14.33 32-32v-32c0-17.67-14.33-32-32-32z\"><\/path><\/svg><\/span>\n\t\t<\/span>\n\n\t\t\t\t\t\t<\/summary>\n\t\t\t\t<div role=\"region\" aria-labelledby=\"e-n-accordion-item-1485\" class=\"elementor-element elementor-element-9e8519c e-flex e-con-boxed e-con e-child\" data-id=\"9e8519c\" data-element_type=\"container\">\n\t\t\t\t\t<div class=\"e-con-inner\">\n\t\t\t\t<div class=\"elementor-element elementor-element-3b4a8a5 elementor-widget elementor-widget-text-editor\" data-id=\"3b4a8a5\" data-element_type=\"widget\" data-widget_type=\"text-editor.default\">\n\t\t\t\t<div class=\"elementor-widget-container\">\n\t\t\t\t\t\t\t\t\t<p>Vsa vsebina strani, je za\u0161\u010diteno avtorsko delo agencije REM Travel d.o.o ali njenih pogodbenih partnerjev. Vse pravice so pridr\u017eane. Vse vsebine, ki so jih na posamezne storitve strani prenesli uporabniki, so last uporabnikov.<\/p><p>REM Travel d.o.o ima lahko patente, patentirane aplikacije, blagovne znamke, avtorske pravice ali druge intelektualne lastni\u0161ke pravice, ki so povezane s stranjo, vklju\u010dno s spletnimi stranmi, ki so del le-teh. \u010ce ni izrecno navedeno v teh pogojih uporabe, vam vsebina teh spletnih strani ne daje nikakr\u0161ne licence za te patente, blagovne znamke, avtorske pravice ali druge lastnine. Vse pravice, ki niso izrecno podeljene tukaj, so pridr\u017eane.<\/p><p>Terjatve v zvezi z avtorskimi pravicami se re\u0161ujejo v skladu z Zakonom o avtorski in sorodnih pravicah in z zakonom o pravdnem postopku.<\/p>\t\t\t\t\t\t\t\t<\/div>\n\t\t\t\t<\/div>\n\t\t\t\t\t<\/div>\n\t\t\t\t<\/div>\n\t\t\t\t\t<\/details>\n\t\t\t\t\t\t<details id=\"e-n-accordion-item-1486\" class=\"e-n-accordion-item\" >\n\t\t\t\t<summary class=\"e-n-accordion-item-title\" data-accordion-index=\"7\" tabindex=\"-1\" aria-expanded=\"false\" aria-controls=\"e-n-accordion-item-1486\" >\n\t\t\t\t\t<span class='e-n-accordion-item-title-header'><div class=\"e-n-accordion-item-title-text\"> Splo\u0161no <\/div><\/span>\n\t\t\t\t\t\t\t<span class='e-n-accordion-item-title-icon'>\n\t\t\t<span class='e-opened' ><svg aria-hidden=\"true\" class=\"e-font-icon-svg e-fas-minus\" viewBox=\"0 0 448 512\" xmlns=\"http:\/\/www.w3.org\/2000\/svg\"><path d=\"M416 208H32c-17.67 0-32 14.33-32 32v32c0 17.67 14.33 32 32 32h384c17.67 0 32-14.33 32-32v-32c0-17.67-14.33-32-32-32z\"><\/path><\/svg><\/span>\n\t\t\t<span class='e-closed'><svg aria-hidden=\"true\" class=\"e-font-icon-svg e-fas-plus\" viewBox=\"0 0 448 512\" xmlns=\"http:\/\/www.w3.org\/2000\/svg\"><path d=\"M416 208H272V64c0-17.67-14.33-32-32-32h-32c-17.67 0-32 14.33-32 32v144H32c-17.67 0-32 14.33-32 32v32c0 17.67 14.33 32 32 32h144v144c0 17.67 14.33 32 32 32h32c17.67 0 32-14.33 32-32V304h144c17.67 0 32-14.33 32-32v-32c0-17.67-14.33-32-32-32z\"><\/path><\/svg><\/span>\n\t\t<\/span>\n\n\t\t\t\t\t\t<\/summary>\n\t\t\t\t<div role=\"region\" aria-labelledby=\"e-n-accordion-item-1486\" class=\"elementor-element elementor-element-97be688 e-flex e-con-boxed e-con e-child\" data-id=\"97be688\" data-element_type=\"container\">\n\t\t\t\t\t<div class=\"e-con-inner\">\n\t\t\t\t<div class=\"elementor-element elementor-element-5e54096 elementor-widget elementor-widget-text-editor\" data-id=\"5e54096\" data-element_type=\"widget\" data-widget_type=\"text-editor.default\">\n\t\t\t\t<div class=\"elementor-widget-container\">\n\t\t\t\t\t\t\t\t\t<p>Ti pogoji uporabe so vezani na zakone Republike Slovenije. Za re\u0161evanje vseh sporov in nesporazumov v zvezi s stranjo\u00a0<a href=\"http:\/\/www.rem-travel.com\">www.rem-travel.com<\/a>, <a href=\"http:\/\/www.rem-sport.com\" target=\"_blank\" rel=\"noopener\">www.rem-sport.com<\/a>, <a href=\"http:\/\/www.rem-corporate.com\" target=\"_blank\" rel=\"noopener\">www.rem-corporate.com<\/a>, za katere so \u017ee bile iz\u010drpane vse ostale zunajsodne mo\u017enosti sporazuma, je pristojno okro\u017eno sodi\u0161\u010de v Ljubljani. Pri temu potrjujete, da iz teh pogojev uporabe ali uporabe servisov ne izhaja noben skupen podvig, dru\u017eabni\u0161tvo, zaposlitev ali delovno razmerje med vami in REM Travel d.o.o. .<\/p><p>REM Travel d.o.o lahko kadar koli zahteva upo\u0161tevanje teh pogojev uporabe po sodni poti. Izvr\u0161itev te pogodbe je predmet veljavnih zakonov in zakonskih postopkov v Republiki Sloveniji, zato vse navedbe v teh pogojih uporabe ne omejujejo pravice REM Travel d.o.o., da se podredi vladnim, sodnim in zakonskim zahtevam v zvezi z uporabo strani\u00a0<a href=\"http:\/\/www.rem-travel.com\">www.rem-travel.com<\/a>, <a href=\"http:\/\/www.rem-sport.com\" target=\"_blank\" rel=\"noopener\">www.rem-sport.com<\/a>, <a href=\"http:\/\/www.rem-corporate.com\" target=\"_blank\" rel=\"noopener\">www.rem-corporate.com<\/a>\u00a0ali informacij, danih ali pridobljenih pri REM Travel d.o.o, ki se ti\u010dejo va\u0161e uporabe ali delovanja strani\u00a0<a href=\"http:\/\/www.rem-travel.com\">www.rem-travel.com<\/a>, <a href=\"http:\/\/www.rem-sport.com\" target=\"_blank\" rel=\"noopener\">www.rem-sport.com<\/a>, <a href=\"http:\/\/www.rem-corporate.com\" target=\"_blank\" rel=\"noopener\">www.rem-corporate.com<\/a>. \u010ce se za kateri koli del teh pogojev uporabe ugotovi, da je neveljaven ali neizvr\u0161ljiv v skladu s trenutno veljavno zakonodajo v Republiki Sloveniji, vklju\u010dno vendar ne tudi omejen z oporekanjem odgovornosti in garancije, kot je navedeno zgoraj, potem se neveljaven ali neizvr\u0161ljiv predpis nadomesti z veljavnim, izvr\u0161ljivim predpisom, ki, kar se da, ustreza namenu izvirnega predpisa, preostali del pogojev uporabe pa ostane v veljavi nespremenjen.<\/p><p>Ti pogoji uporabe, vklju\u010dno z dokumenti, izrecno vklju\u010denimi v zgornji sklic, dolo\u010dajo celotno pogodbo med vami in REM Travel d.o.o. glede na storitve strani\u00a0<a href=\"http:\/\/www.rem-travel.com\">www.rem-travel.com<\/a>, <a href=\"http:\/\/www.rem-sport.com\" target=\"_blank\" rel=\"noopener\">www.rem-sport.com<\/a>, <a href=\"http:\/\/www.rem-corporate.com\" target=\"_blank\" rel=\"noopener\">www.rem-corporate.com<\/a>, ki nadomestijo vse prej\u0161nje ali so\u010dasne komunikacije in ponudbe, bodisi elektronske, ustne ali pisne, med vami in REM Travel d.o.o. glede na storitev portala. Natisnjena razli\u010dica teh pogojev uporabe ali njena kakr\u0161na koli elektronska oblika je sprejemljiva v sodnih ali upravnih procesih, ki temeljijo na tej pogodbi ali so povezani z njo, v isti meri in pod enakimi pogoji kot tudi drugi poslovni dokumenti in zapisi, ki so v izvirniku vzdr\u017eevani v tiskani obliki.<\/p>\t\t\t\t\t\t\t\t<\/div>\n\t\t\t\t<\/div>\n\t\t\t\t\t<\/div>\n\t\t\t\t<\/div>\n\t\t\t\t\t<\/details>\n\t\t\t\t\t<\/div>\n\t\t\t\t\t\t<\/div>\n\t\t\t\t<\/div>\n\t\t\t\t\t<\/div>\n\t\t\t\t<\/div>\n\t\t\t\t<\/div>\n\t\t","protected":false},"excerpt":{"rendered":"<p>[ Politika zasebnosti ] Pogoji za uporabo spletne strani Va\u0161 dostop do spletne strani in njene uporabe urejajo ta splo\u0161na pravila kot tudi nekateri zakoni. Prosimo, da splo\u0161ne pogoje pazljivo preberete. Z vstopom na stran www.rem-travel.com, www.rem-sport.com www.rem-corporate.com, da ste s temi splo\u0161nimi pogoji seznanjeni, da z njimi sogla\u0161ate ter da vas dolo\u010dbe teh splo\u0161nih [&hellip;]<\/p>\n","protected":false},"author":1,"featured_media":0,"parent":0,"menu_order":0,"comment_status":"closed","ping_status":"open","template":"","meta":{"footnotes":""},"class_list":["post-8542","page","type-page","status-publish","hentry"],"_links":{"self":[{"href":"https:\/\/rem-travel.com\/sl\/wp-json\/wp\/v2\/pages\/8542","targetHints":{"allow":["GET"]}}],"collection":[{"href":"https:\/\/rem-travel.com\/sl\/wp-json\/wp\/v2\/pages"}],"about":[{"href":"https:\/\/rem-travel.com\/sl\/wp-json\/wp\/v2\/types\/page"}],"author":[{"embeddable":true,"href":"https:\/\/rem-travel.com\/sl\/wp-json\/wp\/v2\/users\/1"}],"replies":[{"embeddable":true,"href":"https:\/\/rem-travel.com\/sl\/wp-json\/wp\/v2\/comments?post=8542"}],"version-history":[{"count":4,"href":"https:\/\/rem-travel.com\/sl\/wp-json\/wp\/v2\/pages\/8542\/revisions"}],"predecessor-version":[{"id":8610,"href":"https:\/\/rem-travel.com\/sl\/wp-json\/wp\/v2\/pages\/8542\/revisions\/8610"}],"wp:attachment":[{"href":"https:\/\/rem-travel.com\/sl\/wp-json\/wp\/v2\/media?parent=8542"}],"curies":[{"name":"wp","href":"https:\/\/api.w.org\/{rel}","templated":true}]}}